{"id":1991,"date":"2019-05-03T18:43:08","date_gmt":"2019-05-03T16:43:08","guid":{"rendered":"https:\/\/prestopi.si\/team\/"},"modified":"2019-05-03T18:43:10","modified_gmt":"2019-05-03T16:43:10","slug":"team","status":"publish","type":"page","link":"https:\/\/prestopi.si\/en\/crossings-2019\/team\/","title":{"rendered":"Team"},"content":{"rendered":"<div class=\"et_d4_element et_pb_section et_pb_section_0  et_pb_css_mix_blend_mode et_section_regular et_block_section\" >\n\t\t\t\t\n\t\t\t\t\n\t\t\t\t\n\t\t\t\t\n\t\t\t\t\n\t\t\t\t\n\t\t\t\t<div class=\"et_d4_element et_pb_row et_pb_row_0  et_pb_css_mix_blend_mode et_block_row\">\n\t\t\t\t<div class=\"et_d4_element et_pb_column_1_5 et_pb_column et_pb_column_0  et_pb_css_mix_blend_mode et_block_column et_pb_column_empty\">\n\t\t\t\t\n\t\t\t\t\n\t\t\t\t\n\t\t\t\t\n\t\t\t\t\n\t\t\t<\/div><div class=\"et_d4_element et_pb_column_3_5 et_pb_column et_pb_column_1  et_pb_css_mix_blend_mode et_block_column\">\n\t\t\t\t\n\t\t\t\t\n\t\t\t\t\n\t\t\t\t\n\t\t\t\t<div class=\"et_pb_module et_d4_element et_pb_text et_pb_text_0  et_pb_text_align_left et_pb_bg_layout_light\">\n\t\t\t\t\n\t\t\t\t\n\t\t\t\t\n\t\t\t\t\n\t\t\t\t<div class=\"et_pb_text_inner\"><h2>Team<\/h2><\/div>\n\t\t\t<\/div><div class=\"et_pb_module et_d4_element et_pb_text et_pb_text_1  et_pb_text_align_left et_pb_bg_layout_light\">\n\t\t\t\t\n\t\t\t\t\n\t\t\t\t\n\t\t\t\t\n\t\t\t\t<div class=\"et_pb_text_inner\"><p style=\"font-weight: 400;\">Production\u00a0<strong>Moment<\/strong><\/p>\n<p style=\"font-weight: 400;\">Programme team\u00a0<strong>Nika Bezeljak, Uro\u0161 Kaurin, Zoran Petrovi\u010d<\/strong><\/p>\n<p style=\"font-weight: 400;\">Public relations<strong>\u00a0Ma\u0161a Sto\u0161i\u010d<\/strong><\/p>\n<p style=\"font-weight: 400;\">Coordinator of the Cross Without Fear programme\u00a0<strong>Tina Maroh<\/strong><\/p>\n<p style=\"font-weight: 400;\">Visual identity designer\u00a0<strong>Maru\u0161a Ra\u010di\u010d<\/strong><\/p>\n<p style=\"font-weight: 400;\">Web page designer\u00a0<strong>Andrej Mesari\u010d<\/strong><\/p>\n<p style=\"font-weight: 400;\">Catalogue editors\u00a0<strong>Nika \u0160vab, Ksenija Repina<\/strong><\/p>\n<p style=\"font-weight: 400;\">Content writers\u00a0<strong>Nika Bezeljak, Uro\u0161 Kaurin, Zoran Petrovi\u010d, Nika \u0160vab<\/strong><\/p>\n<p style=\"font-weight: 400;\">Proofreader\u00a0<strong>Ur\u0161ka Kamen\u0161ek<\/strong><\/p>\n<p style=\"font-weight: 400;\">Translator<strong>\u00a0Barbara Jur\u0161a Potocco<\/strong><\/p>\n<p style=\"font-weight: 400;\">Festival photographer\u00a0<strong>Gregor Salobir<\/strong><\/p>\n<p style=\"font-weight: 400;\">Festival videomaker\u00a0<strong>Bo\u0161tjan Selin\u0161ek<\/strong><\/p>\n<p style=\"font-weight: 400;\">Technical team\u00a0<strong>An\u017ee Kre\u010d, Andrej Firm, Ga\u0161per Bohinec<\/strong><\/p>\n<p style=\"font-weight: 400;\">Contact<strong>\u00a0<a href=\"mailto:info@moment.si\">info@moment.si<\/a><\/strong><\/p><\/div>\n\t\t\t<\/div>\n\t\t\t<\/div><div class=\"et_d4_element et_pb_column_1_5 et_pb_column et_pb_column_2  et_pb_css_mix_blend_mode et-last-child et_block_column et_pb_column_empty\">\n\t\t\t\t\n\t\t\t\t\n\t\t\t\t\n\t\t\t\t\n\t\t\t\t\n\t\t\t<\/div>\n\t\t\t\t\n\t\t\t\t\n\t\t\t\t\n\t\t\t\t\n\t\t\t<\/div>\n\t\t\t\t\n\t\t\t\t\n\t\t\t<\/div>\n","protected":false},"excerpt":{"rendered":"","protected":false},"author":2,"featured_media":0,"parent":1361,"menu_order":0,"comment_status":"closed","ping_status":"closed","template":"","meta":{"_acf_changed":false,"inline_featured_image":false,"_et_pb_use_builder":"on","_et_pb_old_content":"","_et_gb_content_width":"","footnotes":""},"class_list":["post-1991","page","type-page","status-publish","hentry"],"acf":[],"_links":{"self":[{"href":"https:\/\/prestopi.si\/en\/wp-json\/wp\/v2\/pages\/1991","targetHints":{"allow":["GET"]}}],"collection":[{"href":"https:\/\/prestopi.si\/en\/wp-json\/wp\/v2\/pages"}],"about":[{"href":"https:\/\/prestopi.si\/en\/wp-json\/wp\/v2\/types\/page"}],"author":[{"embeddable":true,"href":"https:\/\/prestopi.si\/en\/wp-json\/wp\/v2\/users\/2"}],"replies":[{"embeddable":true,"href":"https:\/\/prestopi.si\/en\/wp-json\/wp\/v2\/comments?post=1991"}],"version-history":[{"count":0,"href":"https:\/\/prestopi.si\/en\/wp-json\/wp\/v2\/pages\/1991\/revisions"}],"up":[{"embeddable":true,"href":"https:\/\/prestopi.si\/en\/wp-json\/wp\/v2\/pages\/1361"}],"wp:attachment":[{"href":"https:\/\/prestopi.si\/en\/wp-json\/wp\/v2\/media?parent=1991"}],"curies":[{"name":"wp","href":"https:\/\/api.w.org\/{rel}","templated":true}]}}