{"id":7573,"date":"2023-03-14T14:32:15","date_gmt":"2023-03-14T13:32:15","guid":{"rendered":"https:\/\/prestopi.si\/team\/"},"modified":"2025-03-20T12:54:57","modified_gmt":"2025-03-20T11:54:57","slug":"team-2023","status":"publish","type":"page","link":"https:\/\/prestopi.si\/en\/team-2023\/","title":{"rendered":"Team 2023"},"content":{"rendered":"<p>Production <a href=\"https:\/\/moment.si\/en\" target=\"_blank\" rel=\"noopener\"><strong>Moment<\/strong> <\/a><\/p>\n<p>Programme team <strong>Nika Bezeljak, Uro\u0161 Kaurin,\u00a0 Zoran Petrovi\u010d<\/strong><\/p>\n<p>Public relations <strong>Anamarija Na\u0111<\/strong><\/p>\n<p>Executive production <strong>Lana Bauman, Nika Bezeljak, Zoran Petrovi\u010d <\/strong><\/p>\n<p>Technical team<strong> Andrej Firm, Ga\u0161per Bohinec <\/strong><\/p>\n<p>Visual identity designer <strong>Eva Mlinar<\/strong><\/p>\n<p>Sound identity designer <strong>Marko L\u00fck<\/strong><\/p>\n<p>Web page designer <strong>Andrej Mesari\u010d<\/strong><\/p>\n<p>Administration and text editing <strong>Ur\u0161ka Kamen\u0161ek<\/strong><\/p>\n<p>Translator <strong> Anja Wutej<\/strong><\/p>\n<p>Photographer <strong>Gregor Salobir<\/strong><\/p>\n<p>Videomaker <strong>Klemen Golob<\/strong><\/p>\n<p>Volunteers <strong> Davorin Juhart <\/strong><\/p>\n<p>Contact <strong>\u00a0<a href=\"mailto:info@moment.si\">info@moment.si<\/a><\/strong><\/p>\n<p><!-- Urednici vsebin <strong>Nu\u0161a Komplet Peperko in Nina Medved<\/strong> --><\/p>\n","protected":false},"excerpt":{"rendered":"<p>Production Moment Programme team Nika Bezeljak, Uro\u0161 Kaurin,\u00a0 Zoran Petrovi\u010d Public relations Anamarija Na\u0111 Executive production Lana Bauman, Nika Bezeljak, Zoran Petrovi\u010d Technical team Andrej Firm, Ga\u0161per Bohinec Visual identity designer Eva Mlinar Sound identity designer Marko L\u00fck Web page designer Andrej Mesari\u010d Administration and text editing Ur\u0161ka Kamen\u0161ek Translator Anja Wutej Photographer Gregor Salobir [&hellip;]<\/p>\n","protected":false},"author":2,"featured_media":0,"parent":0,"menu_order":0,"comment_status":"closed","ping_status":"closed","template":"","meta":{"_acf_changed":false,"_et_pb_use_builder":"on","_et_pb_old_content":"","_et_gb_content_width":"","inline_featured_image":false,"footnotes":""},"class_list":["post-7573","page","type-page","status-publish","hentry"],"acf":[],"_links":{"self":[{"href":"https:\/\/prestopi.si\/en\/wp-json\/wp\/v2\/pages\/7573","targetHints":{"allow":["GET"]}}],"collection":[{"href":"https:\/\/prestopi.si\/en\/wp-json\/wp\/v2\/pages"}],"about":[{"href":"https:\/\/prestopi.si\/en\/wp-json\/wp\/v2\/types\/page"}],"author":[{"embeddable":true,"href":"https:\/\/prestopi.si\/en\/wp-json\/wp\/v2\/users\/2"}],"replies":[{"embeddable":true,"href":"https:\/\/prestopi.si\/en\/wp-json\/wp\/v2\/comments?post=7573"}],"version-history":[{"count":1,"href":"https:\/\/prestopi.si\/en\/wp-json\/wp\/v2\/pages\/7573\/revisions"}],"predecessor-version":[{"id":8476,"href":"https:\/\/prestopi.si\/en\/wp-json\/wp\/v2\/pages\/7573\/revisions\/8476"}],"wp:attachment":[{"href":"https:\/\/prestopi.si\/en\/wp-json\/wp\/v2\/media?parent=7573"}],"curies":[{"name":"wp","href":"https:\/\/api.w.org\/{rel}","templated":true}]}}